{"id":102,"date":"2021-06-22T12:30:54","date_gmt":"2021-06-22T10:30:54","guid":{"rendered":"https:\/\/arbesovka.cz\/cs\/?page_id=102"},"modified":"2026-04-22T07:27:06","modified_gmt":"2026-04-22T05:27:06","slug":"skolska-rada","status":"publish","type":"page","link":"https:\/\/www.arbesovka.cz\/cs\/skolska-rada\/","title":{"rendered":"\u0160kolsk\u00e1 rada"},"content":{"rendered":"<p>Aktu\u00e1ln\u00ed slo\u017een\u00ed \u0161kolsk\u00e9 rady:<\/p>\n<table class=\"mceItemTable\" style=\"width: 100%; font-size: 16px;\">\n<tbody>\n<tr>\n<td><strong>Petros Kalpakcis<br \/><\/strong><\/td>\n<td>p\u0159edseda (z\u00e1stupce z\u0159izovatele)<\/td>\n<td><a href=\"mailto:kalpakcis@volny.cz\">kalpakcis@volny.cz<\/a><\/td>\n<\/tr>\n<tr>\n<td><strong>Mgr. Jarmila Polmanov\u00e1<br \/><\/strong><\/td>\n<td>m\u00edstop\u0159edseda<br \/>(z\u00e1stupce pedagog\u016f)<\/td>\n<td><a href=\"mailto:jarmila.polmanova@arbesovka.cz\">jarmila.polmanova@arbesovka.cz<\/a><\/td>\n<\/tr>\n<tr>\n<td><strong>Ing. So\u0148a \u010cern\u00e1<br \/><\/strong><\/td>\n<td>\u010dlen (z\u00e1stupce rodi\u010d\u016f)<\/td>\n<td><a href=\"mailto:cerna@mestojablonec.cz\">cerna@mestojablonec.cz<\/a><\/td>\n<\/tr>\n<tr>\n<td><strong>Ing. Luk\u00e1\u0161 Star\u00fd<br \/><\/strong><\/td>\n<td>\u010dlen (z\u00e1stupce rodi\u010d\u016f)<\/td>\n<td><a href=\"mailto:lukas.stary@outlook.com\">lukas.stary@outlook.com<\/a><\/td>\n<\/tr>\n<tr>\n<td><strong>Mgr. Radka Ma\u0161\u00ed\u010dkov\u00e1<br \/><\/strong><\/td>\n<td>\u010dlen (z\u00e1stupce pedagog\u016f)<\/td>\n<td><a href=\"mailto:radka.masickova@arbesovka.cz\">radka.masickova@arbesovka.cz<\/a><\/td>\n<\/tr>\n<tr>\n<td><strong>Mgr. Monika Kulh\u00e1nkov\u00e1<br \/><\/strong><\/td>\n<td>\u010dlen (z\u00e1stupce z\u0159izovatele)<\/td>\n<td><a href=\"mailto:kulhankova@zsliberecka.cz\">kulhankova@zsliberecka.cz<\/a><\/td>\n<\/tr>\n<\/tbody>\n<\/table>\n<p>Volebn\u00ed \u0159\u00e1d \u0161kolsk\u00e9 rady <a href=\"https:\/\/www.arbesovka.cz\/cs\/wp-content\/uploads\/2021\/06\/2026_SR_volebni-rad_Jablonec-nN.pdf\">zde.<\/a><\/p>\n<p>Pod\u00e1v\u00e1n\u00ed podn\u011bt\u016f, ozn\u00e1men\u00ed a st\u00ed\u017enost\u00ed \u0161kolsk\u00e9 rad\u011b je mo\u017eno prost\u0159ednictv\u00edm v\u00fd\u0161e uveden\u00fdch e-mailov\u00fdch adres.<\/p>\n<p>&nbsp;<\/p>\n","protected":false},"excerpt":{"rendered":"<p>Aktu\u00e1ln\u00ed slo\u017een\u00ed \u0161kolsk\u00e9 rady: Petros Kalpakcis p\u0159edseda (z\u00e1stupce z\u0159izovatele) kalpakcis@volny.cz Mgr. Jarmila Polmanov\u00e1 m\u00edstop\u0159edseda(z\u00e1stupce pedagog\u016f) jarmila.polmanova@arbesovka.cz<\/p>\n","protected":false},"author":1,"featured_media":0,"parent":0,"menu_order":0,"comment_status":"closed","ping_status":"closed","template":"","meta":{"footnotes":""},"class_list":["post-102","page","type-page","status-publish","hentry","comments-off"],"_links":{"self":[{"href":"https:\/\/www.arbesovka.cz\/cs\/wp-json\/wp\/v2\/pages\/102","targetHints":{"allow":["GET"]}}],"collection":[{"href":"https:\/\/www.arbesovka.cz\/cs\/wp-json\/wp\/v2\/pages"}],"about":[{"href":"https:\/\/www.arbesovka.cz\/cs\/wp-json\/wp\/v2\/types\/page"}],"author":[{"embeddable":true,"href":"https:\/\/www.arbesovka.cz\/cs\/wp-json\/wp\/v2\/users\/1"}],"replies":[{"embeddable":true,"href":"https:\/\/www.arbesovka.cz\/cs\/wp-json\/wp\/v2\/comments?post=102"}],"version-history":[{"count":6,"href":"https:\/\/www.arbesovka.cz\/cs\/wp-json\/wp\/v2\/pages\/102\/revisions"}],"predecessor-version":[{"id":4007,"href":"https:\/\/www.arbesovka.cz\/cs\/wp-json\/wp\/v2\/pages\/102\/revisions\/4007"}],"wp:attachment":[{"href":"https:\/\/www.arbesovka.cz\/cs\/wp-json\/wp\/v2\/media?parent=102"}],"curies":[{"name":"wp","href":"https:\/\/api.w.org\/{rel}","templated":true}]}}