{"id":1250,"date":"2024-05-22T09:20:14","date_gmt":"2024-05-22T07:20:14","guid":{"rendered":"https:\/\/www.arbesovka.cz\/cs\/?page_id=1250"},"modified":"2026-03-25T08:26:59","modified_gmt":"2026-03-25T07:26:59","slug":"uvodni-tridni-schuzky","status":"publish","type":"page","link":"https:\/\/www.arbesovka.cz\/cs\/uvodni-tridni-schuzky\/","title":{"rendered":"\u00davodn\u00ed t\u0159\u00eddn\u00ed sch\u016fzky"},"content":{"rendered":"<p><strong>\u00davodn\u00ed t\u0159\u00eddn\u00ed sch\u016fzky <\/strong>se budou konat v <strong>pond\u011bl\u00ed 8.6.2026, od 16:00 do 17:00<\/strong>. Sejdeme se ve vestibulu \u0161koly, vstup hlavn\u00edm vchodem.<\/p>\n<p>&nbsp;<\/p>\n","protected":false},"excerpt":{"rendered":"<p>\u00davodn\u00ed t\u0159\u00eddn\u00ed sch\u016fzky se budou konat v pond\u011bl\u00ed 8.6.2026, od 16:00 do 17:00. Sejdeme se ve<\/p>\n","protected":false},"author":1,"featured_media":0,"parent":0,"menu_order":0,"comment_status":"closed","ping_status":"closed","template":"","meta":{"footnotes":""},"class_list":["post-1250","page","type-page","status-publish","hentry","comments-off"],"_links":{"self":[{"href":"https:\/\/www.arbesovka.cz\/cs\/wp-json\/wp\/v2\/pages\/1250","targetHints":{"allow":["GET"]}}],"collection":[{"href":"https:\/\/www.arbesovka.cz\/cs\/wp-json\/wp\/v2\/pages"}],"about":[{"href":"https:\/\/www.arbesovka.cz\/cs\/wp-json\/wp\/v2\/types\/page"}],"author":[{"embeddable":true,"href":"https:\/\/www.arbesovka.cz\/cs\/wp-json\/wp\/v2\/users\/1"}],"replies":[{"embeddable":true,"href":"https:\/\/www.arbesovka.cz\/cs\/wp-json\/wp\/v2\/comments?post=1250"}],"version-history":[{"count":4,"href":"https:\/\/www.arbesovka.cz\/cs\/wp-json\/wp\/v2\/pages\/1250\/revisions"}],"predecessor-version":[{"id":3801,"href":"https:\/\/www.arbesovka.cz\/cs\/wp-json\/wp\/v2\/pages\/1250\/revisions\/3801"}],"wp:attachment":[{"href":"https:\/\/www.arbesovka.cz\/cs\/wp-json\/wp\/v2\/media?parent=1250"}],"curies":[{"name":"wp","href":"https:\/\/api.w.org\/{rel}","templated":true}]}}