{"id":140,"date":"2021-06-22T14:37:25","date_gmt":"2021-06-22T12:37:25","guid":{"rendered":"https:\/\/arbesovka.cz\/cs\/?page_id=140"},"modified":"2026-04-28T13:20:29","modified_gmt":"2026-04-28T11:20:29","slug":"skolni-psycholog","status":"publish","type":"page","link":"https:\/\/www.arbesovka.cz\/cs\/skolni-psycholog\/","title":{"rendered":"\u0160koln\u00ed psycholog"},"content":{"rendered":"<p><span style=\"font-family: arial, helvetica, sans-serif;\">Konzultace je nutn\u00e9 v\u017edy nejprve p\u0159edem telefonicky \u010di emailov\u011b objednat.<br \/>Pokud nejsem telefonicky k zasti\u017een\u00ed, zavol\u00e1m V\u00e1m pozd\u011bji, jakmile to bude mo\u017en\u00e9.<\/span><\/p>\n<table class=\"page middle mceItemTable\" style=\"width: auto;\">\n<tbody>\n<tr>\n<td class=\"titulek\" style=\"text-align: center;\"><span style=\"font-family: arial, helvetica, sans-serif;\">Den<\/span><\/td>\n<td class=\"titulek\" style=\"width: 60%; text-align: center;\"><span style=\"font-family: arial, helvetica, sans-serif;\">Pracovn\u00ed doba<\/span><\/td>\n<\/tr>\n<tr>\n<td style=\"text-align: center;\"><span style=\"font-family: arial, helvetica, sans-serif;\">Pond\u011bl\u00ed<\/span><\/td>\n<td style=\"text-align: center;\"><span style=\"font-family: arial, helvetica, sans-serif;\">8.00 \u2013 16.30 hodin<\/span><\/td>\n<\/tr>\n<tr>\n<td style=\"text-align: center;\"><span style=\"font-family: arial, helvetica, sans-serif;\">St\u0159eda<\/span><\/td>\n<td style=\"text-align: center;\"><span style=\"font-family: arial, helvetica, sans-serif;\">8.00 \u2013 14.30 hodin<\/span><\/td>\n<\/tr>\n<\/tbody>\n<\/table>\n<h3><span style=\"color: #3366ff; font-family: arial, helvetica, sans-serif;\">Kontakt:<\/span><\/h3>\n<p><span style=\"font-family: arial, helvetica, sans-serif;\"><strong>Mgr. Mark\u00e9ta T\u0159\u00edskov\u00e1<\/strong><\/span><br \/><span style=\"font-family: arial, helvetica, sans-serif;\">Telefon 604 317228<\/span><br \/><span style=\"font-family: arial, helvetica, sans-serif;\">E-mail <a href=\"mailto:marketa.triskova@arbesovka.cz\">marketa.triskova@arbesovka.cz<\/a><\/span><\/p>\n","protected":false},"excerpt":{"rendered":"<p>Konzultace je nutn\u00e9 v\u017edy nejprve p\u0159edem telefonicky \u010di emailov\u011b objednat.Pokud nejsem telefonicky k zasti\u017een\u00ed, zavol\u00e1m V\u00e1m<\/p>\n","protected":false},"author":1,"featured_media":0,"parent":0,"menu_order":0,"comment_status":"closed","ping_status":"closed","template":"","meta":{"footnotes":""},"class_list":["post-140","page","type-page","status-publish","hentry","comments-off"],"_links":{"self":[{"href":"https:\/\/www.arbesovka.cz\/cs\/wp-json\/wp\/v2\/pages\/140","targetHints":{"allow":["GET"]}}],"collection":[{"href":"https:\/\/www.arbesovka.cz\/cs\/wp-json\/wp\/v2\/pages"}],"about":[{"href":"https:\/\/www.arbesovka.cz\/cs\/wp-json\/wp\/v2\/types\/page"}],"author":[{"embeddable":true,"href":"https:\/\/www.arbesovka.cz\/cs\/wp-json\/wp\/v2\/users\/1"}],"replies":[{"embeddable":true,"href":"https:\/\/www.arbesovka.cz\/cs\/wp-json\/wp\/v2\/comments?post=140"}],"version-history":[{"count":9,"href":"https:\/\/www.arbesovka.cz\/cs\/wp-json\/wp\/v2\/pages\/140\/revisions"}],"predecessor-version":[{"id":4117,"href":"https:\/\/www.arbesovka.cz\/cs\/wp-json\/wp\/v2\/pages\/140\/revisions\/4117"}],"wp:attachment":[{"href":"https:\/\/www.arbesovka.cz\/cs\/wp-json\/wp\/v2\/media?parent=140"}],"curies":[{"name":"wp","href":"https:\/\/api.w.org\/{rel}","templated":true}]}}