{"id":147,"date":"2021-06-22T14:55:59","date_gmt":"2021-06-22T12:55:59","guid":{"rendered":"https:\/\/arbesovka.cz\/cs\/?page_id=147"},"modified":"2026-04-22T13:29:10","modified_gmt":"2026-04-22T11:29:10","slug":"dokumenty-skoly","status":"publish","type":"page","link":"https:\/\/www.arbesovka.cz\/cs\/dokumenty-skoly\/","title":{"rendered":"Dokumenty \u0161koly"},"content":{"rendered":"<table style=\"border-collapse: collapse; width: 100%; height: 246px;\">\n<tbody>\n<tr style=\"height: 43px;\">\n<td style=\"width: 50%; height: 43px;\"><a href=\"https:\/\/www.arbesovka.cz\/cs\/wp-content\/uploads\/2021\/06\/Skolni-rad_2021_dodatek_2023_dodatek-2025.pdf\">\u0160koln\u00ed \u0159\u00e1d<\/a><\/td>\n<td style=\"width: 50%; text-align: center; height: 43px;\">31.08.2025<\/td>\n<\/tr>\n<tr style=\"height: 43px;\">\n<td style=\"width: 50%; height: 43px;\"><a href=\"https:\/\/www.arbesovka.cz\/cs\/wp-content\/uploads\/2021\/06\/RAD_SKOLNI_DRUZINY.pdf\" target=\"_blank\" rel=\"noopener\">Vnit\u0159n\u00ed \u0159\u00e1d \u0161koln\u00ed dru\u017einy<\/a><\/td>\n<td style=\"width: 50%; text-align: center; height: 43px;\">01.09.2020<\/td>\n<\/tr>\n<tr style=\"height: 43px;\">\n<td style=\"width: 50%; height: 43px;\"><a href=\"https:\/\/www.arbesovka.cz\/cs\/wp-content\/uploads\/2021\/06\/Vyrocni-zprava-o-cinnosti-skoly-2024-2025-ZS-Arbesova.pdf\">V\u00fdro\u010dn\u00ed zpr\u00e1va o \u010dinnosti \u0161koly 2024 &#8211; 2025<\/a><\/td>\n<td style=\"width: 50%; text-align: center; height: 43px;\">13.10.2025<\/td>\n<\/tr>\n<tr style=\"height: 43px;\">\n<td style=\"width: 50%; height: 43px;\"><a href=\"https:\/\/www.arbesovka.cz\/cs\/wp-content\/uploads\/2021\/06\/OCHRANA-OZNAMOVATELU.pdf\">Ochrana oznamovatel\u016f &#8211; whistleblowing<\/a><\/td>\n<td style=\"width: 50%; text-align: center; height: 43px;\">01.08.2023<\/td>\n<\/tr>\n<tr style=\"height: 74px;\">\n<td style=\"width: 50%; height: 74px;\"><a href=\"https:\/\/www.arbesovka.cz\/cs\/wp-content\/uploads\/2021\/06\/VZ_106_2025.pdf\">V\u00fdro\u010dn\u00ed zpr\u00e1va podle z\u00e1kona o svobodn\u00e9m p\u0159\u00edstupu k informac\u00edm za rok 2025<\/a><\/td>\n<td style=\"width: 50%; text-align: center; height: 74px;\">25.02.2026<\/td>\n<\/tr>\n<tr>\n<td style=\"width: 50%;\"><a href=\"https:\/\/www.arbesovka.cz\/cs\/wp-content\/uploads\/2021\/06\/Krizovy-plan-skolniho-neuspechu.pdf\">Strategii p\u0159edch\u00e1zen\u00ed \u0161koln\u00ed ne\u00fasp\u011b\u0161nosti<\/a><\/td>\n<td style=\"width: 50%; text-align: center;\">13.09.2025<\/td>\n<\/tr>\n<\/tbody>\n<\/table>\n<p>&nbsp;<\/p>\n","protected":false},"excerpt":{"rendered":"<p>\u0160koln\u00ed \u0159\u00e1d 31.08.2025 Vnit\u0159n\u00ed \u0159\u00e1d \u0161koln\u00ed dru\u017einy 01.09.2020 V\u00fdro\u010dn\u00ed zpr\u00e1va o \u010dinnosti \u0161koly 2024 &#8211; 2025<\/p>\n","protected":false},"author":1,"featured_media":0,"parent":0,"menu_order":0,"comment_status":"closed","ping_status":"closed","template":"","meta":{"footnotes":""},"class_list":["post-147","page","type-page","status-publish","hentry","comments-off"],"_links":{"self":[{"href":"https:\/\/www.arbesovka.cz\/cs\/wp-json\/wp\/v2\/pages\/147","targetHints":{"allow":["GET"]}}],"collection":[{"href":"https:\/\/www.arbesovka.cz\/cs\/wp-json\/wp\/v2\/pages"}],"about":[{"href":"https:\/\/www.arbesovka.cz\/cs\/wp-json\/wp\/v2\/types\/page"}],"author":[{"embeddable":true,"href":"https:\/\/www.arbesovka.cz\/cs\/wp-json\/wp\/v2\/users\/1"}],"replies":[{"embeddable":true,"href":"https:\/\/www.arbesovka.cz\/cs\/wp-json\/wp\/v2\/comments?post=147"}],"version-history":[{"count":27,"href":"https:\/\/www.arbesovka.cz\/cs\/wp-json\/wp\/v2\/pages\/147\/revisions"}],"predecessor-version":[{"id":4009,"href":"https:\/\/www.arbesovka.cz\/cs\/wp-json\/wp\/v2\/pages\/147\/revisions\/4009"}],"wp:attachment":[{"href":"https:\/\/www.arbesovka.cz\/cs\/wp-json\/wp\/v2\/media?parent=147"}],"curies":[{"name":"wp","href":"https:\/\/api.w.org\/{rel}","templated":true}]}}