{"id":3807,"date":"2026-04-01T13:36:42","date_gmt":"2026-04-01T11:36:42","guid":{"rendered":"https:\/\/www.arbesovka.cz\/cs\/?page_id=3807"},"modified":"2026-04-01T13:36:42","modified_gmt":"2026-04-01T11:36:42","slug":"sportovni-tridy","status":"publish","type":"page","link":"https:\/\/www.arbesovka.cz\/cs\/sportovni-tridy\/","title":{"rendered":"Sportovn\u00ed t\u0159\u00eddy"},"content":{"rendered":"<p>T\u0159\u00eddy s roz\u0161\u00ed\u0159enou v\u00fdukou t\u011blesn\u00e9 v\u00fdchovy (sportovn\u00ed t\u00eddy).<\/p>\n<p>Na\u0161e \u0161kola nab\u00edz\u00ed \u017e\u00e1k\u016fm 2. stupn\u011b mo\u017enost nav\u0161t\u011bvovat <strong>sportovn\u00ed t\u0159\u00eddy s roz\u0161\u00ed\u0159enou v\u00fdukou t\u011blesn\u00e9 v\u00fdchovy, <\/strong>a to v rozsahu 4 vyu\u010dovac\u00edch hodin t\u00fddn\u011b.<\/p>\n<p>Sportovn\u00ed t\u0159\u00eddy jsou ur\u010deny pro v\u0161echny, kte\u0159\u00ed se cht\u011bj\u00ed h\u00fdbat, rozv\u00edjet sv\u00e9 schopnosti a z\u00edskat pozitivn\u00ed vztah ke sportu. Zam\u011b\u0159ujeme se na <strong>v\u0161estrann\u00fd rozvoj pohybov\u00fdch dovednost\u00ed<\/strong> \u2013 od atletiky a m\u00ed\u010dov\u00fdch her a\u017e po technicky n\u00e1ro\u010dn\u011bj\u0161\u00ed sporty.<\/p>\n<p>\u017d\u00e1ci se b\u011bhem \u0161koln\u00edho roku \u00fa\u010dastn\u00ed \u0159ady sportovn\u00edch kurz\u016f, nap\u0159\u00edklad:<\/p>\n<ul>\n<li><strong>cyklistick\u00e9ho<\/strong>,<\/li>\n<li><strong>vod\u00e1ck\u00e9ho<\/strong>,<\/li>\n<li><strong>ly\u017ea\u0159sk\u00e9ho,<\/strong><\/li>\n<\/ul>\n<p><strong>projektu Kolob\u011b\u017eky<\/strong> a cel\u00e9 \u0159ady sout\u011b\u017e\u00ed v b\u011bhu, atletice, florbalu, v\u00a0\u00a0\u00a0\u00a0 \u00a0\u00a0\u00a0\u00a0\u00a0\u00a0\u00a0\u00a0\u00a0\u00a0\u00a0 volejbalu, ly\u017eov\u00e1n\u00ed a dal\u0161\u00edch discipl\u00edn\u00e1ch.<\/p>\n<p>\u0160kola disponuje:<\/p>\n<ul>\n<li><strong>dv\u011bma t\u011blocvi\u010dnami<\/strong>,<\/li>\n<li><strong>posilovnou<\/strong>,<\/li>\n<li><strong>nov\u011b vybudovan\u00fdm venkovn\u00edm sportovn\u00edm are\u00e1lem.<\/strong><\/li>\n<\/ul>\n<p>K v\u00fduce t\u011blesn\u00e9 v\u00fdchovy vyu\u017e\u00edv\u00e1me i m\u011bstsk\u00e1 sportovi\u0161t\u011b.<\/p>\n","protected":false},"excerpt":{"rendered":"<p>T\u0159\u00eddy s roz\u0161\u00ed\u0159enou v\u00fdukou t\u011blesn\u00e9 v\u00fdchovy (sportovn\u00ed t\u00eddy). Na\u0161e \u0161kola nab\u00edz\u00ed \u017e\u00e1k\u016fm 2. stupn\u011b mo\u017enost nav\u0161t\u011bvovat<\/p>\n","protected":false},"author":1,"featured_media":0,"parent":0,"menu_order":0,"comment_status":"closed","ping_status":"closed","template":"","meta":{"footnotes":""},"class_list":["post-3807","page","type-page","status-publish","hentry","comments-off"],"_links":{"self":[{"href":"https:\/\/www.arbesovka.cz\/cs\/wp-json\/wp\/v2\/pages\/3807","targetHints":{"allow":["GET"]}}],"collection":[{"href":"https:\/\/www.arbesovka.cz\/cs\/wp-json\/wp\/v2\/pages"}],"about":[{"href":"https:\/\/www.arbesovka.cz\/cs\/wp-json\/wp\/v2\/types\/page"}],"author":[{"embeddable":true,"href":"https:\/\/www.arbesovka.cz\/cs\/wp-json\/wp\/v2\/users\/1"}],"replies":[{"embeddable":true,"href":"https:\/\/www.arbesovka.cz\/cs\/wp-json\/wp\/v2\/comments?post=3807"}],"version-history":[{"count":2,"href":"https:\/\/www.arbesovka.cz\/cs\/wp-json\/wp\/v2\/pages\/3807\/revisions"}],"predecessor-version":[{"id":3809,"href":"https:\/\/www.arbesovka.cz\/cs\/wp-json\/wp\/v2\/pages\/3807\/revisions\/3809"}],"wp:attachment":[{"href":"https:\/\/www.arbesovka.cz\/cs\/wp-json\/wp\/v2\/media?parent=3807"}],"curies":[{"name":"wp","href":"https:\/\/api.w.org\/{rel}","templated":true}]}}