{"id":47,"date":"2021-06-22T10:34:28","date_gmt":"2021-06-22T08:34:28","guid":{"rendered":"https:\/\/arbesovka.cz\/cs\/?page_id=47"},"modified":"2021-09-21T12:14:58","modified_gmt":"2021-09-21T10:14:58","slug":"kontaktni-udaje-organizace","status":"publish","type":"page","link":"https:\/\/www.arbesovka.cz\/cs\/kontaktni-udaje-organizace\/","title":{"rendered":"Kontaktn\u00ed \u00fadaje organizace"},"content":{"rendered":"<p><span style=\"font-family: arial, helvetica, sans-serif;\"><strong>Z\u00e1kladn\u00ed \u0161kola Jablonec nad Nisou &#8211; M\u0161eno, Arbesova 30,<br \/>p\u0159\u00edsp\u011bvkov\u00e1 organizace<\/strong><\/span><\/p>\n<p><span style=\"font-family: arial, helvetica, sans-serif;\">Adresa: Arbesova 30, 466 04, Jablonec nad Nisou<\/span><\/p>\n<p><span style=\"font-family: arial, helvetica, sans-serif;\">E-mail:\u00a0<a href=\"mailto:info@arbesovka.cz\">info@arbesovka.cz<\/a><\/span><br \/><span style=\"font-family: arial, helvetica, sans-serif;\">Telefon: 483 737 111<\/span><br \/><span style=\"font-family: arial, helvetica, sans-serif;\">Fax: 483 737 137<\/span><\/p>\n<p>Datov\u00e1 schr\u00e1nka: ps3mmwr<\/p>\n<p><span style=\"font-family: arial, helvetica, sans-serif;\">\u010c\u00edslo \u00fa\u010dtu: 27-0630880217\/0100<\/span><\/p>\n<p><span style=\"font-family: arial, helvetica, sans-serif;\">I\u010c: 727 43 271<\/span><br \/><span style=\"font-family: arial, helvetica, sans-serif;\">DI\u010c: CZ 727 43 271<\/span><\/p>\n","protected":false},"excerpt":{"rendered":"<p>Z\u00e1kladn\u00ed \u0161kola Jablonec nad Nisou &#8211; M\u0161eno, Arbesova 30,p\u0159\u00edsp\u011bvkov\u00e1 organizace Adresa: Arbesova 30, 466 04, Jablonec<\/p>\n","protected":false},"author":1,"featured_media":0,"parent":0,"menu_order":0,"comment_status":"closed","ping_status":"closed","template":"","meta":{"footnotes":""},"class_list":["post-47","page","type-page","status-publish","hentry","comments-off"],"_links":{"self":[{"href":"https:\/\/www.arbesovka.cz\/cs\/wp-json\/wp\/v2\/pages\/47","targetHints":{"allow":["GET"]}}],"collection":[{"href":"https:\/\/www.arbesovka.cz\/cs\/wp-json\/wp\/v2\/pages"}],"about":[{"href":"https:\/\/www.arbesovka.cz\/cs\/wp-json\/wp\/v2\/types\/page"}],"author":[{"embeddable":true,"href":"https:\/\/www.arbesovka.cz\/cs\/wp-json\/wp\/v2\/users\/1"}],"replies":[{"embeddable":true,"href":"https:\/\/www.arbesovka.cz\/cs\/wp-json\/wp\/v2\/comments?post=47"}],"version-history":[{"count":3,"href":"https:\/\/www.arbesovka.cz\/cs\/wp-json\/wp\/v2\/pages\/47\/revisions"}],"predecessor-version":[{"id":471,"href":"https:\/\/www.arbesovka.cz\/cs\/wp-json\/wp\/v2\/pages\/47\/revisions\/471"}],"wp:attachment":[{"href":"https:\/\/www.arbesovka.cz\/cs\/wp-json\/wp\/v2\/media?parent=47"}],"curies":[{"name":"wp","href":"https:\/\/api.w.org\/{rel}","templated":true}]}}