{"id":928,"date":"2024-03-05T14:01:35","date_gmt":"2024-03-05T13:01:35","guid":{"rendered":"https:\/\/www.arbesovka.cz\/cs\/?page_id=928"},"modified":"2026-03-25T08:26:04","modified_gmt":"2026-03-25T07:26:04","slug":"predskolacek","status":"publish","type":"page","link":"https:\/\/www.arbesovka.cz\/cs\/predskolacek\/","title":{"rendered":"P\u0159ed\u0161kol\u00e1\u010dek"},"content":{"rendered":"<p><strong>P\u0159ed\u0161kol\u00e1\u010dek<\/strong> je adapta\u010dn\u00ed kurz pro d\u011bti p\u0159ijat\u00e9 do na\u0161\u00ed \u0161koly. Tato aktivita je zcela dobrovoln\u00e1 a bezplatn\u00e1. D\u011bti str\u00e1v\u00ed ve \u0161kole v\u017edy jednu vyu\u010dovac\u00ed hodinu, a to bez p\u0159\u00edtomnosti rodi\u010d\u016f. Ti pouze sv\u00e9 d\u011bti p\u0159ivedou do vestibulu \u0161koly u hlavn\u00edho vchodu a p\u0159edaj\u00ed je pan\u00ed u\u010ditelk\u00e1m. Zde si sv\u00e9 d\u011bti po skon\u010den\u00ed kurzu op\u011bt vyzvednou. Pros\u00edme o v\u010dasn\u00fd p\u0159\u00edchod a v\u010dasn\u00e9 vyzvednut\u00ed d\u011bt\u00ed.<\/p>\n<p>Term\u00edny kon\u00e1n\u00ed:<\/p>\n<p>pond\u011bl\u00ed 20.4., 27.4., 4.5., 11.5., 18.5., v\u017edy od 15:00 do 15:45 hodin<\/p>\n<p>1.setk\u00e1n\u00ed:<\/p>\n<p>v pond\u011bl\u00ed <strong>20.4.2026 ve 14:50<\/strong> v budov\u011b Z\u0160 Arbesova, vstup hlavn\u00edm vchodem<\/p>\n<p>S sebou:<\/p>\n<p>p\u0159ez\u016fvky a pen\u00e1l vybaven\u00fd o\u0159ezan\u00fdmi pastelkami, tu\u017ekou, gumou a n\u016f\u017ekami<\/p>\n<p>P\u0159ihl\u00e1\u0161ky:<\/p>\n<p>v p\u0159\u00edpad\u011b z\u00e1jmu ode\u0161lete mail na adresu <a href=\"mailto:radka.masickova@arbesovka.cz\">radka.masickova@arbesovka.cz<\/a>, ve kter\u00e9m uve\u010fte jm\u00e9no a p\u0159\u00edjmen\u00ed d\u00edt\u011bte a telefonn\u00ed kontakt na jednoho z rodi\u010d\u016f<\/p>\n<p>Na spolupr\u00e1ci a setk\u00e1n\u00ed se t\u011b\u0161\u00ed<\/p>\n<p>pedagogick\u00fd sbor Z\u0160 Arbesova<\/p>\n","protected":false},"excerpt":{"rendered":"<p>P\u0159ed\u0161kol\u00e1\u010dek je adapta\u010dn\u00ed kurz pro d\u011bti p\u0159ijat\u00e9 do na\u0161\u00ed \u0161koly. Tato aktivita je zcela dobrovoln\u00e1 a<\/p>\n","protected":false},"author":1,"featured_media":567,"parent":0,"menu_order":0,"comment_status":"closed","ping_status":"closed","template":"","meta":{"footnotes":""},"class_list":["post-928","page","type-page","status-publish","has-post-thumbnail","hentry","comments-off"],"_links":{"self":[{"href":"https:\/\/www.arbesovka.cz\/cs\/wp-json\/wp\/v2\/pages\/928","targetHints":{"allow":["GET"]}}],"collection":[{"href":"https:\/\/www.arbesovka.cz\/cs\/wp-json\/wp\/v2\/pages"}],"about":[{"href":"https:\/\/www.arbesovka.cz\/cs\/wp-json\/wp\/v2\/types\/page"}],"author":[{"embeddable":true,"href":"https:\/\/www.arbesovka.cz\/cs\/wp-json\/wp\/v2\/users\/1"}],"replies":[{"embeddable":true,"href":"https:\/\/www.arbesovka.cz\/cs\/wp-json\/wp\/v2\/comments?post=928"}],"version-history":[{"count":8,"href":"https:\/\/www.arbesovka.cz\/cs\/wp-json\/wp\/v2\/pages\/928\/revisions"}],"predecessor-version":[{"id":3800,"href":"https:\/\/www.arbesovka.cz\/cs\/wp-json\/wp\/v2\/pages\/928\/revisions\/3800"}],"wp:featuredmedia":[{"embeddable":true,"href":"https:\/\/www.arbesovka.cz\/cs\/wp-json\/wp\/v2\/media\/567"}],"wp:attachment":[{"href":"https:\/\/www.arbesovka.cz\/cs\/wp-json\/wp\/v2\/media?parent=928"}],"curies":[{"name":"wp","href":"https:\/\/api.w.org\/{rel}","templated":true}]}}