{"id":95,"date":"2021-06-22T12:15:07","date_gmt":"2021-06-22T10:15:07","guid":{"rendered":"https:\/\/arbesovka.cz\/cs\/?page_id=95"},"modified":"2024-04-24T11:29:31","modified_gmt":"2024-04-24T09:29:31","slug":"projekty","status":"publish","type":"page","link":"https:\/\/www.arbesovka.cz\/cs\/projekty\/","title":{"rendered":"Projekty"},"content":{"rendered":"<p>Z\u00e1kladn\u00ed \u0161kola Jablonec nad Nisou &#8211; M\u0161eno, Arbesova 30, p\u0159\u00edsp\u011bvkov\u00e1 organizace se aktivn\u011b \u00fa\u010dastn\u00ed projektov\u00fdch aktivit v r\u00e1mci Opera\u010dn\u00edho programu Jan Amos Komensk\u00fd. V obdob\u00ed od 1.7.2023 realizujeme projekt, kter\u00fd jsme nazvali Rozvoj Arbesovky.<\/p>\n<p>Projekt m\u00e1 n\u011bkolik c\u00edl\u016f. Jedn\u00edm je person\u00e1ln\u00ed podpora \u0161kole formou p\u0159\u00edm\u00e9 pr\u00e1ce \u0161koln\u00edho psychologa a speci\u00e1ln\u00edho pedagoga v z\u00e1kladn\u00ed \u0161kole. \u0160koln\u00ed psycholog zkoum\u00e1 klima ve t\u0159\u00edd\u00e1ch, chov\u00e1n\u00ed \u017e\u00e1k\u016f, vytv\u00e1\u0159\u00ed diagnostiku a poskytuje konzultace. Role \u0161koln\u00edho psychologa se n\u00e1m v praxi ukazuje jako velmi u\u017eite\u010dn\u00e1 a \u017e\u00e1dan\u00e1 podpora nejen d\u011btem, ale i jejich rodi\u010d\u016fm a u\u010ditel\u016fm. Speci\u00e1ln\u00ed pedagog pom\u00e1h\u00e1 \u017e\u00e1k\u016fm p\u0159ekon\u00e1vat r\u016fzn\u00e1 \u00faskal\u00ed spojen\u00e1 se vzd\u011bl\u00e1v\u00e1n\u00edm.<\/p>\n<p>Dal\u0161\u00edm v\u00fdznamn\u00fdm c\u00edlem projektu je podpora \u017e\u00e1k\u016f formou inonativn\u00edho vzd\u011bl\u00e1v\u00e1n\u00ed nap\u0159\u00ed\u010d \u0161kolou a \u0161koln\u00ed dru\u017einou.<\/p>\n<p>C\u00edlem projektu je i profesn\u00ed rozvoj pedagog\u016f. \u010c\u00e1st prost\u0159edk\u016f projektu je v\u011bnov\u00e1na na \u0161kolen\u00ed pedagog\u016f v inovativn\u00edch metod\u00e1ch v\u00fduky.<\/p>\n<p><img loading=\"lazy\" decoding=\"async\" class=\"aligncenter wp-image-1111 size-large\" src=\"https:\/\/www.arbesovka.cz\/cs\/wp-content\/uploads\/2021\/06\/2404241109-a3screenHorizontal4K-1-1024x576.png\" alt=\"\" width=\"910\" height=\"512\" srcset=\"https:\/\/www.arbesovka.cz\/cs\/wp-content\/uploads\/2021\/06\/2404241109-a3screenHorizontal4K-1-1024x576.png 1024w, https:\/\/www.arbesovka.cz\/cs\/wp-content\/uploads\/2021\/06\/2404241109-a3screenHorizontal4K-1-300x169.png 300w, https:\/\/www.arbesovka.cz\/cs\/wp-content\/uploads\/2021\/06\/2404241109-a3screenHorizontal4K-1-768x432.png 768w, https:\/\/www.arbesovka.cz\/cs\/wp-content\/uploads\/2021\/06\/2404241109-a3screenHorizontal4K-1-1536x864.png 1536w, https:\/\/www.arbesovka.cz\/cs\/wp-content\/uploads\/2021\/06\/2404241109-a3screenHorizontal4K-1-2048x1152.png 2048w, https:\/\/www.arbesovka.cz\/cs\/wp-content\/uploads\/2021\/06\/2404241109-a3screenHorizontal4K-1-1360x765.png 1360w\" sizes=\"auto, (max-width: 910px) 100vw, 910px\" \/><\/p>\n<p>&nbsp;<\/p>\n","protected":false},"excerpt":{"rendered":"<p>Z\u00e1kladn\u00ed \u0161kola Jablonec nad Nisou &#8211; M\u0161eno, Arbesova 30, p\u0159\u00edsp\u011bvkov\u00e1 organizace se aktivn\u011b \u00fa\u010dastn\u00ed projektov\u00fdch aktivit<\/p>\n","protected":false},"author":1,"featured_media":0,"parent":0,"menu_order":0,"comment_status":"closed","ping_status":"closed","template":"","meta":{"footnotes":""},"class_list":["post-95","page","type-page","status-publish","hentry","comments-off"],"_links":{"self":[{"href":"https:\/\/www.arbesovka.cz\/cs\/wp-json\/wp\/v2\/pages\/95","targetHints":{"allow":["GET"]}}],"collection":[{"href":"https:\/\/www.arbesovka.cz\/cs\/wp-json\/wp\/v2\/pages"}],"about":[{"href":"https:\/\/www.arbesovka.cz\/cs\/wp-json\/wp\/v2\/types\/page"}],"author":[{"embeddable":true,"href":"https:\/\/www.arbesovka.cz\/cs\/wp-json\/wp\/v2\/users\/1"}],"replies":[{"embeddable":true,"href":"https:\/\/www.arbesovka.cz\/cs\/wp-json\/wp\/v2\/comments?post=95"}],"version-history":[{"count":5,"href":"https:\/\/www.arbesovka.cz\/cs\/wp-json\/wp\/v2\/pages\/95\/revisions"}],"predecessor-version":[{"id":1112,"href":"https:\/\/www.arbesovka.cz\/cs\/wp-json\/wp\/v2\/pages\/95\/revisions\/1112"}],"wp:attachment":[{"href":"https:\/\/www.arbesovka.cz\/cs\/wp-json\/wp\/v2\/media?parent=95"}],"curies":[{"name":"wp","href":"https:\/\/api.w.org\/{rel}","templated":true}]}}